{"id":30,"date":"2018-01-01T15:53:25","date_gmt":"2018-01-01T14:53:25","guid":{"rendered":"http:\/\/bitumen1.de\/jsch\/?page_id=30"},"modified":"2018-04-29T20:22:47","modified_gmt":"2018-04-29T18:22:47","slug":"musik","status":"publish","type":"page","link":"http:\/\/xn--jensschfer-w5a.com\/?page_id=30","title":{"rendered":"Musik"},"content":{"rendered":"<p style=\"text-align: center;\"><strong>Arbeiten als Musiker, Songwriter und Interpret:<\/strong><\/p>\n<p><strong>1990<\/strong><\/p>\n<p>Songwriter f\u00fcr den Film \u201eRund um die Liebe\u201c von Ueli Mamin<\/p>\n<p><strong>1993<\/strong><\/p>\n<p>Arbeit als Gitarrist f\u00fcr die Hersfelder Festspiele<\/p>\n<p>Songwriter f\u00fcrs Schauspiel L\u00fcbeck<\/p>\n<p><strong>1994 &#8211; 1997<\/strong><\/p>\n<p>Gitarrenarrangements, S\u00e4nger und Gitarrist f\u00fcr den Abend \u201eJ\u00fcdische Lieder\u201c mit Naomi Krauss, u.a. am Staatstheater Darmstadt, J\u00fcdische Gemeinde Darmstadt, Museum alter Plastik- Liebighaus Frankfurt am Main, Deutsches Schauspielhaus Hamburg.<\/p>\n<p><strong>2000<\/strong><\/p>\n<p>Songwriter und Interpret f\u00fcr den Film und Soundtrack \u201eDer tote Taucher im Wald\u201c (Schlusssong)<\/p>\n<p><strong>2015\/2016<\/strong><\/p>\n<p>Eigenkompositionen (\u00fcberwiegend) instrumental f\u00fcr \u201eMaria Stuart\u201c, Klassik am Meer<\/p>\n<p><strong>2005 bis heute<\/strong>: zahlreiche Konzerte als Singer\/Songwriter.<\/p>\n<p>U.a. Deutsches Theater Berlin, Museum alter Plastik- Liebighaus Frankfurt am Main.<\/p>\n<p>Hauskonzerte in Hamburg, Berlin, M\u00fcnchen.<\/p>\n<p><strong>Link zu meinem YouTube Channel:<\/strong><\/p>\n<p><a href=\"https:\/\/www.youtube.com\/channel\/UCwuuEkEc8CJ7g7gWM4pVIFQ\">https:\/\/www.youtube.com\/channel\/UCwuuEkEc8CJ7g7gWM4pVIFQ<\/a><\/p>\n","protected":false},"excerpt":{"rendered":"<p>Arbeiten als Musiker, Songwriter und Interpret: 1990 Songwriter f\u00fcr den Film \u201eRund um die Liebe\u201c von Ueli Mamin 1993 Arbeit als Gitarrist f\u00fcr die Hersfelder Festspiele Songwriter f\u00fcrs Schauspiel L\u00fcbeck 1994 &#8211; 1997 Gitarrenarrangements, S\u00e4nger und Gitarrist f\u00fcr den Abend \u201eJ\u00fcdische Lieder\u201c mit Naomi Krauss, u.a. am Staatstheater Darmstadt, J\u00fcdische [&hellip;]<\/p>\n","protected":false},"author":1,"featured_media":0,"parent":0,"menu_order":0,"comment_status":"closed","ping_status":"closed","template":"","meta":[],"_links":{"self":[{"href":"http:\/\/xn--jensschfer-w5a.com\/index.php?rest_route=\/wp\/v2\/pages\/30"}],"collection":[{"href":"http:\/\/xn--jensschfer-w5a.com\/index.php?rest_route=\/wp\/v2\/pages"}],"about":[{"href":"http:\/\/xn--jensschfer-w5a.com\/index.php?rest_route=\/wp\/v2\/types\/page"}],"author":[{"embeddable":true,"href":"http:\/\/xn--jensschfer-w5a.com\/index.php?rest_route=\/wp\/v2\/users\/1"}],"replies":[{"embeddable":true,"href":"http:\/\/xn--jensschfer-w5a.com\/index.php?rest_route=%2Fwp%2Fv2%2Fcomments&post=30"}],"version-history":[{"count":5,"href":"http:\/\/xn--jensschfer-w5a.com\/index.php?rest_route=\/wp\/v2\/pages\/30\/revisions"}],"predecessor-version":[{"id":338,"href":"http:\/\/xn--jensschfer-w5a.com\/index.php?rest_route=\/wp\/v2\/pages\/30\/revisions\/338"}],"wp:attachment":[{"href":"http:\/\/xn--jensschfer-w5a.com\/index.php?rest_route=%2Fwp%2Fv2%2Fmedia&parent=30"}],"curies":[{"name":"wp","href":"https:\/\/api.w.org\/{rel}","templated":true}]}}